{"id":630,"date":"2020-07-01T18:36:26","date_gmt":"2020-07-01T17:36:26","guid":{"rendered":"https:\/\/vrforhealth.com\/legal-notice\/"},"modified":"2020-07-10T12:55:24","modified_gmt":"2020-07-10T11:55:24","slug":"mentions-legales","status":"publish","type":"page","link":"https:\/\/test.vrforhealth.com\/fr\/mentions-legales\/","title":{"rendered":"Mentions l\u00e9gales"},"content":{"rendered":"<div id=\"cs-content\" class=\"cs-content\"><\/div>\n","protected":false},"excerpt":{"rendered":"<p>Mentions l\u00e9gales Le pr\u00e9sent site est \u00e9dit\u00e9 par la soci\u00e9t\u00e9 de droit am\u00e9ricain VRforHealth, immatricul\u00e9e selon les lois de l\u2019\u00e9tat de Delaware, United States le 20\/1\/2020 sous le n\u00b0 84-4425276, dont le si\u00e8ge social est situ\u00e9 au 300 Delaware Avenue, Ste 210A, Wilmington 19801, repr\u00e9sent\u00e9e par United States Corporation Agents, Inc. Mail : contact@vrforhealth.com La Responsable de publication est Denise &#8230; <a href=\"https:\/\/test.vrforhealth.com\/fr\/mentions-legales\/\" class=\"more-link\">Read More<\/a><\/p>\n","protected":false},"author":1,"featured_media":0,"parent":0,"menu_order":0,"comment_status":"closed","ping_status":"closed","template":"","meta":{"footnotes":""},"class_list":["post-630","page","type-page","status-publish","hentry","no-post-thumbnail"],"_links":{"self":[{"href":"https:\/\/test.vrforhealth.com\/fr\/wp-json\/wp\/v2\/pages\/630","targetHints":{"allow":["GET"]}}],"collection":[{"href":"https:\/\/test.vrforhealth.com\/fr\/wp-json\/wp\/v2\/pages"}],"about":[{"href":"https:\/\/test.vrforhealth.com\/fr\/wp-json\/wp\/v2\/types\/page"}],"author":[{"embeddable":true,"href":"https:\/\/test.vrforhealth.com\/fr\/wp-json\/wp\/v2\/users\/1"}],"replies":[{"embeddable":true,"href":"https:\/\/test.vrforhealth.com\/fr\/wp-json\/wp\/v2\/comments?post=630"}],"version-history":[{"count":0,"href":"https:\/\/test.vrforhealth.com\/fr\/wp-json\/wp\/v2\/pages\/630\/revisions"}],"wp:attachment":[{"href":"https:\/\/test.vrforhealth.com\/fr\/wp-json\/wp\/v2\/media?parent=630"}],"curies":[{"name":"wp","href":"https:\/\/api.w.org\/{rel}","templated":true}]}}