{"id":509,"date":"2020-02-06T11:45:02","date_gmt":"2020-02-06T11:45:02","guid":{"rendered":"http:\/\/vrforhealth.360scotland.co.uk\/welcome\/"},"modified":"2024-09-16T13:31:33","modified_gmt":"2024-09-16T12:31:33","slug":"welcome","status":"publish","type":"page","link":"https:\/\/test.vrforhealth.com\/fr\/","title":{"rendered":"Welcome"},"content":{"rendered":"<div id=\"cs-content\" class=\"cs-content\"><\/div>\n","protected":false},"excerpt":{"rendered":"<p>RechercherSubmitClearLe site d\u2019information consacr\u00e9 \u00e0 la R\u00e9alit\u00e9 Virtuelle Th\u00e9rapeutique Bienvenue \u00e0 VRforHealth LE D\u00c9FI La r\u00e9alit\u00e9 virtuelle apporte des avantages cliniques prouv\u00e9s aux patients souffrant de douleur ou d&rsquo;anxi\u00e9t\u00e9, n\u00e9cessitant une r\u00e9\u00e9ducation, ou souffrant de multiples autres conditions. Cependant, trop peu de professionnels et de patients sont conscients de l&rsquo;option de la R\u00e9alit\u00e9 Virtuelle. POURQUOI VRForHealth? Nous sommes la plateforme &#8230; <a href=\"https:\/\/test.vrforhealth.com\/fr\/\" class=\"more-link\">Read More<\/a><\/p>\n","protected":false},"author":1,"featured_media":0,"parent":0,"menu_order":0,"comment_status":"closed","ping_status":"closed","template":"template-blank-4.php","meta":{"footnotes":""},"class_list":["post-509","page","type-page","status-publish","hentry","no-post-thumbnail"],"_links":{"self":[{"href":"https:\/\/test.vrforhealth.com\/fr\/wp-json\/wp\/v2\/pages\/509","targetHints":{"allow":["GET"]}}],"collection":[{"href":"https:\/\/test.vrforhealth.com\/fr\/wp-json\/wp\/v2\/pages"}],"about":[{"href":"https:\/\/test.vrforhealth.com\/fr\/wp-json\/wp\/v2\/types\/page"}],"author":[{"embeddable":true,"href":"https:\/\/test.vrforhealth.com\/fr\/wp-json\/wp\/v2\/users\/1"}],"replies":[{"embeddable":true,"href":"https:\/\/test.vrforhealth.com\/fr\/wp-json\/wp\/v2\/comments?post=509"}],"version-history":[{"count":5,"href":"https:\/\/test.vrforhealth.com\/fr\/wp-json\/wp\/v2\/pages\/509\/revisions"}],"predecessor-version":[{"id":3282,"href":"https:\/\/test.vrforhealth.com\/fr\/wp-json\/wp\/v2\/pages\/509\/revisions\/3282"}],"wp:attachment":[{"href":"https:\/\/test.vrforhealth.com\/fr\/wp-json\/wp\/v2\/media?parent=509"}],"curies":[{"name":"wp","href":"https:\/\/api.w.org\/{rel}","templated":true}]}}