{"id":1535,"date":"2022-01-13T17:54:58","date_gmt":"2022-01-13T17:54:58","guid":{"rendered":"https:\/\/vrforhealth.com\/team\/"},"modified":"2024-01-15T18:03:27","modified_gmt":"2024-01-15T18:03:27","slug":"equipe","status":"publish","type":"page","link":"https:\/\/test.vrforhealth.com\/fr\/equipe\/","title":{"rendered":"Team"},"content":{"rendered":"<div id=\"cs-content\" class=\"cs-content\"><\/div>\n","protected":false},"excerpt":{"rendered":"<p>Denise Silber Denise Silber est une figure embl\u00e9matique et leader d\u2019opinion de la sant\u00e9 num\u00e9rique, avec un nombre important de followers sur les r\u00e9seaux sociaux. Elle s\u2019est int\u00e9ress\u00e9e, depuis les d\u00e9buts du WWW, \u00e0 l\u2019am\u00e9lioration de la qualit\u00e9 des soins gr\u00e2ce \u00e0 la participation accrue des patients associ\u00e9e au d\u00e9ploiement de la sant\u00e9 num\u00e9rique. Devenue entrepreneure en e-sant\u00e9, Denise Silber &#8230; <a href=\"https:\/\/test.vrforhealth.com\/fr\/equipe\/\" class=\"more-link\">Read More<\/a><\/p>\n","protected":false},"author":1,"featured_media":0,"parent":0,"menu_order":0,"comment_status":"closed","ping_status":"closed","template":"template-blank-4.php","meta":{"footnotes":""},"class_list":["post-1535","page","type-page","status-publish","hentry","no-post-thumbnail"],"_links":{"self":[{"href":"https:\/\/test.vrforhealth.com\/fr\/wp-json\/wp\/v2\/pages\/1535","targetHints":{"allow":["GET"]}}],"collection":[{"href":"https:\/\/test.vrforhealth.com\/fr\/wp-json\/wp\/v2\/pages"}],"about":[{"href":"https:\/\/test.vrforhealth.com\/fr\/wp-json\/wp\/v2\/types\/page"}],"author":[{"embeddable":true,"href":"https:\/\/test.vrforhealth.com\/fr\/wp-json\/wp\/v2\/users\/1"}],"replies":[{"embeddable":true,"href":"https:\/\/test.vrforhealth.com\/fr\/wp-json\/wp\/v2\/comments?post=1535"}],"version-history":[{"count":3,"href":"https:\/\/test.vrforhealth.com\/fr\/wp-json\/wp\/v2\/pages\/1535\/revisions"}],"predecessor-version":[{"id":3228,"href":"https:\/\/test.vrforhealth.com\/fr\/wp-json\/wp\/v2\/pages\/1535\/revisions\/3228"}],"wp:attachment":[{"href":"https:\/\/test.vrforhealth.com\/fr\/wp-json\/wp\/v2\/media?parent=1535"}],"curies":[{"name":"wp","href":"https:\/\/api.w.org\/{rel}","templated":true}]}}